{"id":26690,"date":"2019-04-29T07:11:44","date_gmt":"2019-04-29T06:11:44","guid":{"rendered":"http:\/\/www.ljl-gibert.com\/?page_id=26690"},"modified":"2019-04-29T07:13:16","modified_gmt":"2019-04-29T06:13:16","slug":"me-contacter","status":"publish","type":"page","link":"https:\/\/www.ljl-gibert.com\/?page_id=26690","title":{"rendered":"Me Contacter"},"content":{"rendered":"\n<h2 class=\"wp-block-heading\"><\/h2>\n\n\n\n<div class=\"wp-block-columns has-2-columns is-layout-flex wp-container-core-columns-layout-1 wp-block-columns-is-layout-flex\">\n<div class=\"wp-block-column is-layout-flow wp-block-column-is-layout-flow\">\n<figure class=\"wp-block-image is-resized\">              <div  class=\"img wp-image-49\" style=\"width:{$img_width}px\">\n                                <a\n                  href=\"http:\/\/www.ljl-gibert.com\/wp-content\/uploads\/2015\/05\/1796988_693117647440142_6144508473466599496_o-1024x768.jpg\"\n                  title=\"\"\n                                  rel=\"prettyPhoto[main]\"\n                >                  <img decoding=\"async\" src=\"http:\/\/www.ljl-gibert.com\/wp-content\/uploads\/2015\/05\/1796988_693117647440142_6144508473466599496_o-1024x768.jpg\" alt=\"\" style=\"max-width: 180px; \" \/><\/a>\n                \n              <\/div><\/figure>\n<\/div>\n\n\n\n<div class=\"wp-block-column is-layout-flow wp-block-column-is-layout-flow\">\n<p><strong>N\u2019h\u00e9sitez-pas \u00e0 me contacter pour des renseignements compl\u00e9mentaires<\/strong><\/p>\n\n\n\n<p><strong>giblio76 @ gmail.com<\/strong><\/p>\n<\/div>\n<\/div>\n","protected":false},"excerpt":{"rendered":"<p>N\u2019h\u00e9sitez-pas \u00e0 me contacter pour des renseignements compl\u00e9mentaires giblio76 @ gmail.com<\/p>\n","protected":false},"author":1,"featured_media":0,"parent":0,"menu_order":0,"comment_status":"closed","ping_status":"closed","template":"","meta":{"footnotes":""},"_links":{"self":[{"href":"https:\/\/www.ljl-gibert.com\/index.php?rest_route=\/wp\/v2\/pages\/26690"}],"collection":[{"href":"https:\/\/www.ljl-gibert.com\/index.php?rest_route=\/wp\/v2\/pages"}],"about":[{"href":"https:\/\/www.ljl-gibert.com\/index.php?rest_route=\/wp\/v2\/types\/page"}],"author":[{"embeddable":true,"href":"https:\/\/www.ljl-gibert.com\/index.php?rest_route=\/wp\/v2\/users\/1"}],"replies":[{"embeddable":true,"href":"https:\/\/www.ljl-gibert.com\/index.php?rest_route=%2Fwp%2Fv2%2Fcomments&post=26690"}],"version-history":[{"count":2,"href":"https:\/\/www.ljl-gibert.com\/index.php?rest_route=\/wp\/v2\/pages\/26690\/revisions"}],"predecessor-version":[{"id":26695,"href":"https:\/\/www.ljl-gibert.com\/index.php?rest_route=\/wp\/v2\/pages\/26690\/revisions\/26695"}],"wp:attachment":[{"href":"https:\/\/www.ljl-gibert.com\/index.php?rest_route=%2Fwp%2Fv2%2Fmedia&parent=26690"}],"curies":[{"name":"wp","href":"https:\/\/api.w.org\/{rel}","templated":true}]}}